{"id":2771,"date":"2020-10-01T14:48:12","date_gmt":"2020-09-09T19:01:03","guid":{"rendered":"http:\/\/lp.spherewater.de\/impressum\/"},"modified":"2021-11-29T16:41:41","modified_gmt":"2021-11-29T15:41:41","slug":"impressum","status":"publish","type":"page","link":"https:\/\/lp.spherewater.de\/ru\/impressum\/","title":{"rendered":"Impressum"},"content":{"rendered":"<p>Angaben gem\u00e4\u00df \u00a7 5 TMG:<\/p>\n<p>YIWU HUACHEN Co. LTD.<br \/>\n2nd Floor, Unit 3, Building 17<br \/>\nArea 3 Beizhan, Yiwu<br \/>\nChina 322000<br \/>\nMr. Peter Ziob<\/p>\n<p><strong>Kontakt:<\/strong><\/p>\n<p>E-Mail: info@don-corazon.com<\/p>\n<p>Plattform der EU-Kommission zur Online-Streitbeilegung:\u00a0<a href=\"https:\/\/ec.europa.eu\/consumers\/odr\" target=\"_blank\" rel=\"noopener noreferrer\">https:\/\/ec.europa.eu\/consumers\/odr<\/a><\/p>\n<p>Wir sind zur Teilnahme an einem Streitbeilegungsverfahren vor einer Verbraucherschlichtungsstelle weder verpflichtet noch bereit.<\/p>\n<p><strong>Datenschutz:<\/strong><\/p>\n<p>Don Corazon nimmt den Schutz Ihrer pers\u00f6nlichen Daten ernst. Wir behandeln Ihre personenbezogenen Daten vertraulich und entsprechend der gesetzlichen Datenschutzvorschriften sowie dieser Datenschutzerkl\u00e4rung.<\/p>\n<p>Die Nutzung unserer Webseite ist in der Regel ohne Angabe personenbezogener Daten m\u00f6glich. Soweit auf unseren Seiten personenbezogene Daten (beispielsweise Name, Anschrift oder E-Mail-Adressen) erhoben werden, erfolgt dies, soweit m\u00f6glich, stets auf freiwilliger Basis. Diese Daten werden ohne Ihre ausdr\u00fcckliche Zustimmung nicht an Dritte weitergegeben.<\/p>\n<p>Wir weisen darauf hin, dass die Daten\u00fcbertragung im Internet (z.B. bei der Kommunikation per E-Mail) Sicherheitsl\u00fccken aufweisen kann. Ein l\u00fcckenloser Schutz der Daten vor dem Zugriff durch Dritte ist nicht m\u00f6glich.<\/p>\n<p><strong>Cookies:<\/strong><\/p>\n<p>Die Internetseiten verwenden teilweise so genannte Cookies. Cookies richten auf Ihrem Rechner keinen Schaden an und enthalten keine Viren. Cookies dienen dazu, unser Angebot nutzerfreundlicher, effektiver und sicherer zu machen. Cookies sind kleine Textdateien, die auf Ihrem Rechner abgelegt werden und die Ihr Browser speichert.<br \/>\nDie meisten der von uns verwendeten Cookies sind so genannte \u201eSession-Cookies\u201c. Sie werden nach Ende Ihres Besuchs automatisch gel\u00f6scht. Andere Cookies bleiben auf Ihrem Endger\u00e4t gespeichert, bis Sie diese l\u00f6schen. Diese Cookies erm\u00f6glichen es uns, Ihren Browser beim n\u00e4chsten Besuch wiederzuerkennen.<\/p>\n<p>Sie k\u00f6nnen Ihren Browser so einstellen, dass Sie \u00fcber das Setzen von Cookies informiert werden und Cookies nur im Einzelfall erlauben, die Annahme von Cookies f\u00fcr bestimmte F\u00e4lle oder generell ausschlie\u00dfen sowie das automatische L\u00f6schen der Cookies beim Schlie\u00dfen des Browser aktivieren. Bei der Deaktivierung von Cookies kann die Funktionalit\u00e4t dieser Website eingeschr\u00e4nkt sein.<\/p>\n<p><strong>Server-Log-Files:<\/strong><\/p>\n<p>Der Provider der Seiten erhebt und speichert automatisch Informationen in so genannten Server-Log Files, die Ihr Browser automatisch an uns \u00fcbermittelt. Dies sind:<\/p>\n<p>Browsertyp\/ Browserversion<br \/>\nverwendetes Betriebssystem<br \/>\nReferrer URL<br \/>\nHostname des zugreifenden Rechners<br \/>\nUhrzeit der Serveranfrage<\/p>\n<p>Diese Daten sind nicht bestimmten Personen zuordenbar. Eine Zusammenf\u00fchrung dieser Daten mit anderen Datenquellen wird nicht vorgenommen. Wir behalten uns vor, diese Daten nachtr\u00e4glich zu pr\u00fcfen, wenn uns konkrete Anhaltspunkte f\u00fcr eine rechtswidrige Nutzung bekannt werden.<\/p>\n<p><strong>Kontaktformular:<\/strong><\/p>\n<p>Wenn Sie uns per Kontaktformular Anfragen zukommen lassen, werden Ihre Angaben aus dem Anfrageformular inklusive der von Ihnen dort angegebenen Kontaktdaten zwecks Bearbeitung der Anfrage und f\u00fcr den Fall von Anschlussfragen bei uns gespeichert. Diese Daten geben wir nicht ohne Ihre Einwilligung weiter.<\/p>\n","protected":true},"excerpt":{"rendered":"<p>Angaben gem\u00e4\u00df \u00a7 5 TMG: YIWU HUACHEN Co. LTD. 2nd Floor, Unit 3, Building 17 Area 3 Beizhan, Yiwu China 322000 Mr. Peter Ziob Kontakt: E-Mail: info@don-corazon.com Plattform der EU-Kommission zur Online-Streitbeilegung:\u00a0https:\/\/ec.europa.eu\/consumers\/odr Wir sind zur Teilnahme an einem Streitbeilegungsverfahren vor einer Verbraucherschlichtungsstelle weder verpflichtet noch bereit. Datenschutz: Don Corazon nimmt den Schutz Ihrer pers\u00f6nlichen Daten [&hellip;]<\/p>\n","protected":true},"author":2,"featured_media":0,"parent":0,"menu_order":2,"comment_status":"closed","ping_status":"open","template":"","meta":{"_monsterinsights_skip_tracking":false,"_monsterinsights_sitenote_active":false,"_monsterinsights_sitenote_note":"","_monsterinsights_sitenote_category":0},"yoast_head":"<!-- This site is optimized with the Yoast SEO Premium plugin v19.2 (Yoast SEO v20.6) - https:\/\/yoast.com\/wordpress\/plugins\/seo\/ -->\n<title>Impressum - Don Corazon - Your Exclusive Escort Service<\/title>\n<meta name=\"description\" content=\"Impressum. Don Corazon nimmt den Schutz Ihrer pers\u00f6nlichen Daten ernst. Wir behandeln Ihre personenbezogenen Daten vertraulich\" \/>\n<meta name=\"robots\" content=\"index, follow, max-snippet:-1, max-image-preview:large, max-video-preview:-1\" \/>\n<link rel=\"canonical\" href=\"https:\/\/lp.spherewater.de\/ru\/impressum\/\" \/>\n<meta property=\"og:locale\" content=\"ru_RU\" \/>\n<meta property=\"og:type\" content=\"article\" \/>\n<meta property=\"og:title\" content=\"Impressum\" \/>\n<meta property=\"og:description\" content=\"Impressum. Don Corazon nimmt den Schutz Ihrer pers\u00f6nlichen Daten ernst. Wir behandeln Ihre personenbezogenen Daten vertraulich\" \/>\n<meta property=\"og:url\" content=\"https:\/\/lp.spherewater.de\/ru\/impressum\/\" \/>\n<meta property=\"og:site_name\" content=\"Don Corazon - Your Exclusive Escort Service\" \/>\n<meta property=\"article:modified_time\" content=\"2021-11-29T15:41:41+00:00\" \/>\n<meta name=\"twitter:card\" content=\"summary_large_image\" \/>\n<meta name=\"twitter:label1\" content=\"\u041f\u0440\u0438\u043c\u0435\u0440\u043d\u043e\u0435 \u0432\u0440\u0435\u043c\u044f \u0434\u043b\u044f \u0447\u0442\u0435\u043d\u0438\u044f\" \/>\n\t<meta name=\"twitter:data1\" content=\"2 \u043c\u0438\u043d\u0443\u0442\u044b\" \/>\n<script type=\"application\/ld+json\" class=\"yoast-schema-graph\">{\"@context\":\"https:\/\/schema.org\",\"@graph\":[{\"@type\":\"WebPage\",\"@id\":\"https:\/\/lp.spherewater.de\/ru\/impressum\/\",\"url\":\"https:\/\/lp.spherewater.de\/ru\/impressum\/\",\"name\":\"Impressum - Don Corazon - Your Exclusive Escort Service\",\"isPartOf\":{\"@id\":\"https:\/\/lp.spherewater.de\/#website\"},\"datePublished\":\"2020-09-09T19:01:03+00:00\",\"dateModified\":\"2021-11-29T15:41:41+00:00\",\"description\":\"Impressum. Don Corazon nimmt den Schutz Ihrer pers\u00f6nlichen Daten ernst. Wir behandeln Ihre personenbezogenen Daten vertraulich\",\"breadcrumb\":{\"@id\":\"https:\/\/lp.spherewater.de\/ru\/impressum\/#breadcrumb\"},\"inLanguage\":\"ru-RU\",\"potentialAction\":[{\"@type\":\"ReadAction\",\"target\":[\"https:\/\/lp.spherewater.de\/ru\/impressum\/\"]}]},{\"@type\":\"BreadcrumbList\",\"@id\":\"https:\/\/lp.spherewater.de\/ru\/impressum\/#breadcrumb\",\"itemListElement\":[{\"@type\":\"ListItem\",\"position\":1,\"name\":\"Home\",\"item\":\"https:\/\/lp.spherewater.de\/ru\/\"},{\"@type\":\"ListItem\",\"position\":2,\"name\":\"\u0417\u0430\u0449\u0438\u0449\u0435\u043d\u043e: Impressum\"}]},{\"@type\":\"WebSite\",\"@id\":\"https:\/\/lp.spherewater.de\/#website\",\"url\":\"https:\/\/lp.spherewater.de\/\",\"name\":\"Don Corazon - Your Exclusive Escort Service\",\"description\":\"Escort Service f\u00fcr alle W\u00fcnsche einer Frau.\",\"potentialAction\":[{\"@type\":\"SearchAction\",\"target\":{\"@type\":\"EntryPoint\",\"urlTemplate\":\"https:\/\/lp.spherewater.de\/?s={search_term_string}\"},\"query-input\":\"required name=search_term_string\"}],\"inLanguage\":\"ru-RU\"}]}<\/script>\n<!-- \/ Yoast SEO Premium plugin. -->","yoast_head_json":{"title":"Impressum - Don Corazon - Your Exclusive Escort Service","description":"Impressum. Don Corazon nimmt den Schutz Ihrer pers\u00f6nlichen Daten ernst. Wir behandeln Ihre personenbezogenen Daten vertraulich","robots":{"index":"index","follow":"follow","max-snippet":"max-snippet:-1","max-image-preview":"max-image-preview:large","max-video-preview":"max-video-preview:-1"},"canonical":"https:\/\/lp.spherewater.de\/ru\/impressum\/","og_locale":"ru_RU","og_type":"article","og_title":"Impressum","og_description":"Impressum. Don Corazon nimmt den Schutz Ihrer pers\u00f6nlichen Daten ernst. Wir behandeln Ihre personenbezogenen Daten vertraulich","og_url":"https:\/\/lp.spherewater.de\/ru\/impressum\/","og_site_name":"Don Corazon - Your Exclusive Escort Service","article_modified_time":"2021-11-29T15:41:41+00:00","twitter_card":"summary_large_image","twitter_misc":{"\u041f\u0440\u0438\u043c\u0435\u0440\u043d\u043e\u0435 \u0432\u0440\u0435\u043c\u044f \u0434\u043b\u044f \u0447\u0442\u0435\u043d\u0438\u044f":"2 \u043c\u0438\u043d\u0443\u0442\u044b"},"schema":{"@context":"https:\/\/schema.org","@graph":[{"@type":"WebPage","@id":"https:\/\/lp.spherewater.de\/ru\/impressum\/","url":"https:\/\/lp.spherewater.de\/ru\/impressum\/","name":"Impressum - Don Corazon - Your Exclusive Escort Service","isPartOf":{"@id":"https:\/\/lp.spherewater.de\/#website"},"datePublished":"2020-09-09T19:01:03+00:00","dateModified":"2021-11-29T15:41:41+00:00","description":"Impressum. Don Corazon nimmt den Schutz Ihrer pers\u00f6nlichen Daten ernst. Wir behandeln Ihre personenbezogenen Daten vertraulich","breadcrumb":{"@id":"https:\/\/lp.spherewater.de\/ru\/impressum\/#breadcrumb"},"inLanguage":"ru-RU","potentialAction":[{"@type":"ReadAction","target":["https:\/\/lp.spherewater.de\/ru\/impressum\/"]}]},{"@type":"BreadcrumbList","@id":"https:\/\/lp.spherewater.de\/ru\/impressum\/#breadcrumb","itemListElement":[{"@type":"ListItem","position":1,"name":"Home","item":"https:\/\/lp.spherewater.de\/ru\/"},{"@type":"ListItem","position":2,"name":"\u0417\u0430\u0449\u0438\u0449\u0435\u043d\u043e: Impressum"}]},{"@type":"WebSite","@id":"https:\/\/lp.spherewater.de\/#website","url":"https:\/\/lp.spherewater.de\/","name":"Don Corazon - Your Exclusive Escort Service","description":"Escort Service f\u00fcr alle W\u00fcnsche einer Frau.","potentialAction":[{"@type":"SearchAction","target":{"@type":"EntryPoint","urlTemplate":"https:\/\/lp.spherewater.de\/?s={search_term_string}"},"query-input":"required name=search_term_string"}],"inLanguage":"ru-RU"}]}},"_links":{"self":[{"href":"https:\/\/lp.spherewater.de\/ru\/wp-json\/wp\/v2\/pages\/2771"}],"collection":[{"href":"https:\/\/lp.spherewater.de\/ru\/wp-json\/wp\/v2\/pages"}],"about":[{"href":"https:\/\/lp.spherewater.de\/ru\/wp-json\/wp\/v2\/types\/page"}],"author":[{"embeddable":true,"href":"https:\/\/lp.spherewater.de\/ru\/wp-json\/wp\/v2\/users\/2"}],"replies":[{"embeddable":true,"href":"https:\/\/lp.spherewater.de\/ru\/wp-json\/wp\/v2\/comments?post=2771"}],"version-history":[{"count":1,"href":"https:\/\/lp.spherewater.de\/ru\/wp-json\/wp\/v2\/pages\/2771\/revisions"}],"predecessor-version":[{"id":2908,"href":"https:\/\/lp.spherewater.de\/ru\/wp-json\/wp\/v2\/pages\/2771\/revisions\/2908"}],"wp:attachment":[{"href":"https:\/\/lp.spherewater.de\/ru\/wp-json\/wp\/v2\/media?parent=2771"}],"curies":[{"name":"wp","href":"https:\/\/api.w.org\/{rel}","templated":true}]}}