{"id":2727,"date":"2014-05-12T09:26:38","date_gmt":"2014-05-12T09:26:38","guid":{"rendered":"http:\/\/lp.spherewater.de\/home-video\/"},"modified":"2022-01-20T11:24:29","modified_gmt":"2022-01-20T10:24:29","slug":"home-video","status":"publish","type":"page","link":"https:\/\/lp.spherewater.de\/es\/","title":{"rendered":"HOME"},"content":{"rendered":"<p>Don Coraz\u00f3n es el acompa\u00f1ante perfecto para cenas y citas de negocios, porque sabe c\u00f3mo vestir con estilo y c\u00f3mo debe comportarse un acompa\u00f1ante en presencia de una dama para ponerla en el centro de atenci\u00f3n y domina el teclado de la conversaci\u00f3n sofisticada, que requiere el don de la escucha activa. Don Coraz\u00f3n siempre est\u00e1 informado sobre temas de actualidad y puede aprovechar una notable riqueza de conocimientos sobre temas hist\u00f3ricos, pol\u00edticos, econ\u00f3micos y socioculturales. Tambi\u00e9n puede referirse a varios t\u00edtulos universitarios. Es propietario u opera varias empresas exitosas.<\/p>\n<p>Desgraciadamente, a pesar o gracias a sus \u00e9xitos personales, Don Coraz\u00f3n hasta ahora ha sabido seguir su verdadera vocaci\u00f3n y hacer conscientes de su deseabilidad a las mujeres que han llegado a apreciar su personalidad y sus capacidades, para que se sientan como una reina. Para \u00e9l, una mujer es como una rosa. A menos que se la cuide adecuadamente y se le proporcione un entorno apropiado, su belleza nunca ser\u00e1 apreciada por completo. Le entristece mucho que no todas las mujeres que lo deseen puedan experimentar ese trato. Servicio de acompa\u00f1antes masculinos heterosexuales<img loading=\"lazy\" class=\"alignnone wp-image-2921 size-medium\" src=\"http:\/\/lp.spherewater.de\/wp-content\/uploads\/2020\/09\/3S5A9136-1-375x563.jpg\" alt=\"Straight Male Escort Service\" width=\"375\" height=\"563\" srcset=\"https:\/\/lp.spherewater.de\/wp-content\/uploads\/2020\/09\/3S5A9136-1-375x563.jpg 375w, https:\/\/lp.spherewater.de\/wp-content\/uploads\/2020\/09\/3S5A9136-1-208x312.jpg 208w, https:\/\/lp.spherewater.de\/wp-content\/uploads\/2020\/09\/3S5A9136-1-281x422.jpg 281w, https:\/\/lp.spherewater.de\/wp-content\/uploads\/2020\/09\/3S5A9136-1-666x999.jpg 666w, https:\/\/lp.spherewater.de\/wp-content\/uploads\/2020\/09\/3S5A9136-1-670x1005.jpg 670w, https:\/\/lp.spherewater.de\/wp-content\/uploads\/2020\/09\/3S5A9136-1.jpg 750w\" sizes=\"(max-width: 375px) 100vw, 375px\" \/><\/p>\n<p>Por eso quiere mostrar ese respeto a la mujer que lo desea y ponerla en el pedestal que se merece. Quiere darle el sentimiento que la hace feliz dentro de su coraz\u00f3n. Como Compa\u00f1ero de \u00e9lite, \u00c9l pone sus necesidades en el centro de Sus tratos. Tenga la seguridad de que pasar\u00e1 un tiempo inolvidable con Don Coraz\u00f3n.<\/p>\n<p>Bienvenidos al sitio web oficial de Don Coraz\u00f3n. Tu discreto servicio de caballeros para todas las necesidades y deseos de una mujer con clase. Don Coraz\u00f3n se prepara meticulosamente para sus reservas reuniendo los datos sobre la personalidad del cliente, la ocasi\u00f3n y los deseos expl\u00edcitos, y as\u00ed formando su propia imagen del papel que se espera de \u00e9l. Con su experiencia y empat\u00eda, construye relaciones cercanas con sus clientes exclusivos y cumple sus deseos y necesidades sin tab\u00faes. Cualesquiera que sean los deseos que despierten tu imaginaci\u00f3n, lo que nunca te hayas atrevido a decir, Don Coraz\u00f3n est\u00e1 a tu disposici\u00f3n para compartir momentos inolvidables contigo. Servicio de acompa\u00f1antes masculinos heterosexuales<\/p>\n","protected":false},"excerpt":{"rendered":"<p>Don Coraz\u00f3n es el acompa\u00f1ante perfecto para cenas y citas de negocios, porque sabe c\u00f3mo vestir con estilo y c\u00f3mo debe comportarse un acompa\u00f1ante en presencia de una dama para ponerla en el centro de atenci\u00f3n y domina el teclado de la conversaci\u00f3n sofisticada, que requiere el don de la escucha activa. Don Coraz\u00f3n siempre [&hellip;]<\/p>\n","protected":false},"author":2,"featured_media":0,"parent":0,"menu_order":0,"comment_status":"open","ping_status":"closed","template":"page-home.php","meta":{"_monsterinsights_skip_tracking":false,"_monsterinsights_sitenote_active":false,"_monsterinsights_sitenote_note":"","_monsterinsights_sitenote_category":0},"yoast_head":"<!-- This site is optimized with the Yoast SEO Premium plugin v19.2 (Yoast SEO v20.6) - https:\/\/yoast.com\/wordpress\/plugins\/seo\/ -->\n<title>Servicio exclusivo de acompa\u00f1ante de caballero heterosexual - Don Corazon<\/title>\n<meta name=\"description\" content=\"Bienvenido al sitio web oficial de Don Corazon. Su discreto servicio de acompa\u00f1antes heterosexuales caballeros para todos los deseos de una mujer.\" \/>\n<meta name=\"robots\" content=\"index, follow, max-snippet:-1, max-image-preview:large, max-video-preview:-1\" \/>\n<link rel=\"canonical\" href=\"https:\/\/lp.spherewater.de\/es\/\" \/>\n<meta property=\"og:locale\" content=\"es_ES\" \/>\n<meta property=\"og:type\" content=\"article\" \/>\n<meta property=\"og:title\" content=\"HOME\" \/>\n<meta property=\"og:description\" content=\"Bienvenido al sitio web oficial de Don Corazon. Su discreto servicio de acompa\u00f1antes heterosexuales caballeros para todos los deseos de una mujer.\" \/>\n<meta property=\"og:url\" content=\"https:\/\/lp.spherewater.de\/es\/\" \/>\n<meta property=\"og:site_name\" content=\"Don Corazon - Your Exclusive Escort Service\" \/>\n<meta property=\"article:modified_time\" content=\"2022-01-20T10:24:29+00:00\" \/>\n<meta property=\"og:image\" content=\"http:\/\/lp.spherewater.de\/wp-content\/uploads\/2020\/09\/3S5A9136-1-375x563.jpg\" \/>\n<meta name=\"twitter:card\" content=\"summary_large_image\" \/>\n<meta name=\"twitter:label1\" content=\"Tiempo de lectura\" \/>\n\t<meta name=\"twitter:data1\" content=\"3 minutos\" \/>\n<script type=\"application\/ld+json\" class=\"yoast-schema-graph\">{\"@context\":\"https:\/\/schema.org\",\"@graph\":[{\"@type\":\"WebPage\",\"@id\":\"https:\/\/lp.spherewater.de\/es\/\",\"url\":\"https:\/\/lp.spherewater.de\/es\/\",\"name\":\"Servicio exclusivo de acompa\u00f1ante de caballero heterosexual - Don Corazon\",\"isPartOf\":{\"@id\":\"https:\/\/lp.spherewater.de\/#website\"},\"datePublished\":\"2014-05-12T09:26:38+00:00\",\"dateModified\":\"2022-01-20T10:24:29+00:00\",\"description\":\"Bienvenido al sitio web oficial de Don Corazon. Su discreto servicio de acompa\u00f1antes heterosexuales caballeros para todos los deseos de una mujer.\",\"breadcrumb\":{\"@id\":\"https:\/\/lp.spherewater.de\/es\/#breadcrumb\"},\"inLanguage\":\"es\",\"potentialAction\":[{\"@type\":\"ReadAction\",\"target\":[\"https:\/\/lp.spherewater.de\/es\/\"]}]},{\"@type\":\"BreadcrumbList\",\"@id\":\"https:\/\/lp.spherewater.de\/es\/#breadcrumb\",\"itemListElement\":[{\"@type\":\"ListItem\",\"position\":1,\"name\":\"Home\",\"item\":\"https:\/\/lp.spherewater.de\/es\/\"},{\"@type\":\"ListItem\",\"position\":2,\"name\":\"HOME\"}]},{\"@type\":\"WebSite\",\"@id\":\"https:\/\/lp.spherewater.de\/#website\",\"url\":\"https:\/\/lp.spherewater.de\/\",\"name\":\"Don Corazon - Your Exclusive Escort Service\",\"description\":\"Escort Service f\u00fcr alle W\u00fcnsche einer Frau.\",\"potentialAction\":[{\"@type\":\"SearchAction\",\"target\":{\"@type\":\"EntryPoint\",\"urlTemplate\":\"https:\/\/lp.spherewater.de\/?s={search_term_string}\"},\"query-input\":\"required name=search_term_string\"}],\"inLanguage\":\"es\"}]}<\/script>\n<!-- \/ Yoast SEO Premium plugin. -->","yoast_head_json":{"title":"Servicio exclusivo de acompa\u00f1ante de caballero heterosexual - Don Corazon","description":"Bienvenido al sitio web oficial de Don Corazon. Su discreto servicio de acompa\u00f1antes heterosexuales caballeros para todos los deseos de una mujer.","robots":{"index":"index","follow":"follow","max-snippet":"max-snippet:-1","max-image-preview":"max-image-preview:large","max-video-preview":"max-video-preview:-1"},"canonical":"https:\/\/lp.spherewater.de\/es\/","og_locale":"es_ES","og_type":"article","og_title":"HOME","og_description":"Bienvenido al sitio web oficial de Don Corazon. Su discreto servicio de acompa\u00f1antes heterosexuales caballeros para todos los deseos de una mujer.","og_url":"https:\/\/lp.spherewater.de\/es\/","og_site_name":"Don Corazon - Your Exclusive Escort Service","article_modified_time":"2022-01-20T10:24:29+00:00","og_image":[{"url":"http:\/\/lp.spherewater.de\/wp-content\/uploads\/2020\/09\/3S5A9136-1-375x563.jpg"}],"twitter_card":"summary_large_image","twitter_misc":{"Tiempo de lectura":"3 minutos"},"schema":{"@context":"https:\/\/schema.org","@graph":[{"@type":"WebPage","@id":"https:\/\/lp.spherewater.de\/es\/","url":"https:\/\/lp.spherewater.de\/es\/","name":"Servicio exclusivo de acompa\u00f1ante de caballero heterosexual - Don Corazon","isPartOf":{"@id":"https:\/\/lp.spherewater.de\/#website"},"datePublished":"2014-05-12T09:26:38+00:00","dateModified":"2022-01-20T10:24:29+00:00","description":"Bienvenido al sitio web oficial de Don Corazon. Su discreto servicio de acompa\u00f1antes heterosexuales caballeros para todos los deseos de una mujer.","breadcrumb":{"@id":"https:\/\/lp.spherewater.de\/es\/#breadcrumb"},"inLanguage":"es","potentialAction":[{"@type":"ReadAction","target":["https:\/\/lp.spherewater.de\/es\/"]}]},{"@type":"BreadcrumbList","@id":"https:\/\/lp.spherewater.de\/es\/#breadcrumb","itemListElement":[{"@type":"ListItem","position":1,"name":"Home","item":"https:\/\/lp.spherewater.de\/es\/"},{"@type":"ListItem","position":2,"name":"HOME"}]},{"@type":"WebSite","@id":"https:\/\/lp.spherewater.de\/#website","url":"https:\/\/lp.spherewater.de\/","name":"Don Corazon - Your Exclusive Escort Service","description":"Escort Service f\u00fcr alle W\u00fcnsche einer Frau.","potentialAction":[{"@type":"SearchAction","target":{"@type":"EntryPoint","urlTemplate":"https:\/\/lp.spherewater.de\/?s={search_term_string}"},"query-input":"required name=search_term_string"}],"inLanguage":"es"}]}},"_links":{"self":[{"href":"https:\/\/lp.spherewater.de\/es\/wp-json\/wp\/v2\/pages\/2727"}],"collection":[{"href":"https:\/\/lp.spherewater.de\/es\/wp-json\/wp\/v2\/pages"}],"about":[{"href":"https:\/\/lp.spherewater.de\/es\/wp-json\/wp\/v2\/types\/page"}],"author":[{"embeddable":true,"href":"https:\/\/lp.spherewater.de\/es\/wp-json\/wp\/v2\/users\/2"}],"replies":[{"embeddable":true,"href":"https:\/\/lp.spherewater.de\/es\/wp-json\/wp\/v2\/comments?post=2727"}],"version-history":[{"count":2,"href":"https:\/\/lp.spherewater.de\/es\/wp-json\/wp\/v2\/pages\/2727\/revisions"}],"predecessor-version":[{"id":2935,"href":"https:\/\/lp.spherewater.de\/es\/wp-json\/wp\/v2\/pages\/2727\/revisions\/2935"}],"wp:attachment":[{"href":"https:\/\/lp.spherewater.de\/es\/wp-json\/wp\/v2\/media?parent=2727"}],"curies":[{"name":"wp","href":"https:\/\/api.w.org\/{rel}","templated":true}]}}